{"id":406,"date":"2020-10-08T12:12:35","date_gmt":"2020-10-08T10:12:35","guid":{"rendered":"https:\/\/adn-nature.org\/?page_id=406"},"modified":"2020-10-08T15:09:58","modified_gmt":"2020-10-08T13:09:58","slug":"cookie-policy","status":"publish","type":"page","link":"https:\/\/adn-nature.org\/index.php\/cookie-policy\/","title":{"rendered":"Collecte des cookies"},"content":{"rendered":"\t\t<div data-elementor-type=\"wp-page\" data-elementor-id=\"406\" class=\"elementor elementor-406\">\n\t\t\t\t\t\t<div class=\"elementor-inner\">\n\t\t\t\t<div class=\"elementor-section-wrap\">\n\t\t\t\t\t\t\t\t\t<section class=\"elementor-section elementor-top-section elementor-element elementor-element-79394569 elementor-section-boxed elementor-section-height-default elementor-section-height-default\" data-id=\"79394569\" data-element_type=\"section\">\n\t\t\t\t\t\t<div class=\"elementor-container elementor-column-gap-default\">\n\t\t\t\t\t\t\t<div class=\"elementor-row\">\n\t\t\t\t\t<div class=\"elementor-column elementor-col-100 elementor-top-column elementor-element elementor-element-6371c962\" data-id=\"6371c962\" data-element_type=\"column\">\n\t\t\t<div class=\"elementor-column-wrap elementor-element-populated\">\n\t\t\t\t\t\t\t<div class=\"elementor-widget-wrap\">\n\t\t\t\t\t\t<div class=\"elementor-element elementor-element-7c46ff5f elementor-widget elementor-widget-text-editor\" data-id=\"7c46ff5f\" data-element_type=\"widget\" data-widget_type=\"text-editor.default\">\n\t\t\t\t<div class=\"elementor-widget-container\">\n\t\t\t\t\t\t\t\t<div class=\"elementor-text-editor elementor-clearfix\">\n\t\t\t\t<h3>A propos de notre politique relative aux cookies<\/h3><div>Le Site utilise des cookies. Lors de la consultation du site adn-nature.org, des cookies sont d\u00e9pos\u00e9s sur votre ordinateur, votre tablette ou votre smartphone. Les informations contenues dans notre politique relative aux cookies visent \u00e0 permettre au visiteur de notre site de mieux comprendre comment fonctionnent les cookies et o\u00f9 trouver les outils permettant de les param\u00e9trer.<\/div><div>\u00a0<\/div><h3>Qu&rsquo;est-ce qu&rsquo;un cookie ?<\/h3><div>Un cookie est un petit fichier texte contenant des informations, qui est enregistr\u00e9 sur le disque dur de votre terminal (ex : ordinateur, tablette ou mobile) \u00e0 l\u2019occasion de la consultation d\u2019un site gr\u00e2ce \u00e0 votre navigateur. Il est transmis \u00e0 votre navigateur par le serveur qui h\u00e9berge le site. Le fichier cookie permet \u00e0 son \u00e9metteur d\u2019identifier le terminal dans lequel il est enregistr\u00e9 pendant la dur\u00e9e de validit\u00e9 ou d\u2019enregistrement du cookie concern\u00e9. Un cookie ne permet pas de remonter \u00e0 une personne physique.<\/div><div>\u00a0<\/div><h3>Comment utilisons-nous les cookies ?<\/h3><div><p><span style=\"font-size: 14px; color: var( --e-global-color-text ); font-family: var( --e-global-typography-text-font-family );\">Le site adn-nature.org utilise des cookies aux fins suivantes :<\/span><\/p><\/div><div><ul><li>Usage du site : pour nous aider \u00e0 reconna\u00eetre votre navigateur comme celui d\u2019un visiteur pr\u00e9c\u00e9dent et pour enregistrer les pr\u00e9f\u00e9rences que vous avez d\u00e9termin\u00e9es lors de votre pr\u00e9c\u00e9dente visite sur le adn-nature.org.<\/li><li>R\u00e9seaux sociaux : pour v\u00e9rifier si vous \u00eates connect\u00e9s \u00e0 des services tiers tels que Facebook.(pour en avoir plus rendez-vous sur la page <a href=\"https:\/\/fr-fr.facebook.com\/help\/cookies\">https:\/\/fr-fr.facebook.com\/help\/cookies<\/a>).<\/li><li>Ciblage : pour nous permettre de cibler \u00e0 post\u00e9riori ou en temps r\u00e9el l\u2019internaute qui navigue sur <a href=\"http:\/\/adn-nature.org\">adn-nature.org<\/a> (emailing, enrichissement de base).<\/li><li>Mesure d\u2019audience : pour suivre les donn\u00e9es statistiques de fr\u00e9quentation d&rsquo;adn-nature.org (c&rsquo;est-\u00e0-dire l\u2019utilisation faite du site par l&rsquo;utilisateur et pour am\u00e9liorer nos services) et pour nous aider \u00e0 mesurer et \u00e9tudier l\u2019efficacit\u00e9 de notre contenu interactif en ligne, de ses caract\u00e9ristiques, publicit\u00e9s et autres communications. Ces cookies ne sont pas indispensables \u00e0 la navigation sur notre site mais peuvent permettre, par exemple, pour vous : de faciliter vos recherches, d&rsquo;optimiser votre exp\u00e9rience d&rsquo;achat, et pour nous : de mieux cibler vos attentes, d&rsquo;am\u00e9liorer notre offre, ou encore d&rsquo;optimiser le fonctionnement de notre site.<\/li><\/ul><ul><li style=\"list-style-type: none;\"><ul><li><strong>Google Analytics<\/strong><br \/><br \/>Google Analytics utilise des cookies internes permettant de g\u00e9n\u00e9rer des rapports sur les interactions des visiteurs avec notre site Web. Ces cookies sont utilis\u00e9s pour stocker des informations ne permettant pas d&rsquo;identifier personnellement les internautes. Les donn\u00e9es stock\u00e9es dans Google Analytics sont supprim\u00e9es selon le d\u00e9lai l\u00e9gal et vous disposez d&rsquo;un droits d&rsquo;acces, de portabilit\u00e9 et de suppression de ces donn\u00e9es. _ga, _gat et _gid sont les trois cookies d\u00e9pos\u00e9s par Google Analytics. Ils enregistrent un identifiant unique crypt\u00e9, utilis\u00e9 pour g\u00e9n\u00e9rer des donn\u00e9es statistiques sur la fa\u00e7on dont le visiteur utilise le site. Ils ne permettent en aucun cas de vous identifier, ni lors de votre visite, ni lors de l&rsquo;analyse des donn\u00e9es.<br \/><br \/><em>_GA :<\/em>\u00a0Ce nom de cookie est associ\u00e9 \u00e0 Google Universal Analytics, ce qui constitue une mise \u00e0 jour importante du service d&rsquo;analyse Google le plus utilis\u00e9. Ce cookie est utilis\u00e9 pour distinguer les utilisateurs uniques en attribuant un num\u00e9ro g\u00e9n\u00e9r\u00e9 al\u00e9atoirement en tant qu&rsquo;identifiant client. Il est inclus dans chaque demande de page dans un site et utilis\u00e9 pour calculer les donn\u00e9es de visiteurs, de sessions et de campagnes pour les rapports d&rsquo;analyse de sites. il est d\u00e9fini pour expirer apr\u00e8s 14 mois.<br \/><br \/><em>_GID :\u00a0<\/em>Ce nom de cookie est associ\u00e9 \u00e0 Google Universal Analytics. Il stocke et met \u00e0 jour une valeur unique pour chaque page visit\u00e9e.<br \/><br \/><em>_GAT :<\/em>\u00a0Ce nom de cookie est associ\u00e9 \u00e0 Google Universal Analytics. Il est utilis\u00e9 pour limiter le d\u00e9bit des demandes, ce qui limite la collecte de donn\u00e9es sur les sites \u00e0 fort trafic. Il expire apr\u00e8s 10 minutes.<\/li><\/ul><\/li><\/ul><p style=\"padding-left: 120px;\">Vous pouvez par ailleurs vous d\u00e9sinscrire de Google Analytics :<br \/><a href=\"https:\/\/tools.google.com\/dlpage\/gaoptout\" target=\"_blank\" rel=\"noopener\" data-cke-saved-href=\"https:\/\/tools.google.com\/dlpage\/gaoptout\">https:\/\/tools.google.com\/dlpage\/gaoptout<\/a><br \/><br \/>Vous trouverez plus de d\u00e9tails dans les liens ci-dessous :<br \/><a href=\"https:\/\/policies.google.com\/technologies\/types?hl=fr%20https:\/\/www.google.com\/analytics\/learn\/privacy.html?hl=fr\" target=\"_blank\" rel=\"noopener\" data-cke-saved-href=\"https:\/\/policies.google.com\/technologies\/types?hl=fr https:\/\/www.google.com\/analytics\/learn\/privacy.html?hl=fr\">https:\/\/policies.google.com\/technologies\/types?hl=fr https:\/\/www.google.com\/analytics\/learn\/privacy.html?hl=fr<\/a><br \/><br \/>Vous pouvez obtenir des informations plus g\u00e9n\u00e9rales sur le traitement de vos donn\u00e9es par Google et sur vos droits ici :<br \/><a href=\"https:\/\/privacy.google.com\/intl\/fr\/your-data.html\" target=\"_blank\" rel=\"noopener\" data-cke-saved-href=\"https:\/\/privacy.google.com\/intl\/fr\/your-data.html\">https:\/\/privacy.google.com\/intl\/fr\/your-data.html<\/a><\/p><\/div><h3>Comment param\u00e9trer les cookies ?<\/h3><div><p>Vous avez le choix de configurer votre navigateur pour accepter tous les cookies, rejeter tous les cookies, vous informer quand un cookie est \u00e9mis, sa dur\u00e9e de validit\u00e9 et son contenu, ainsi que vous permettre de refuser son enregistrement dans votre terminal, et supprimer vos cookies p\u00e9riodiquement.<\/p><p>Vous pouvez param\u00e9trer votre navigateur Internet pour d\u00e9sactiver les cookies. Notez toutefois que si vous d\u00e9sactivez les cookies, votre nom d\u2019utilisateur ainsi que votre mot de passe ne seront plus sauvegard\u00e9s sur aucun site web. Pour plus d\u2019informations relatives aux m\u00e9thodes vous permettant de supprimer et de contr\u00f4ler les cookies stock\u00e9s sur votre ordinateur, consultez le site suivant :\u00a0<a href=\"http:\/\/www.allaboutcookies.org\/fr\/\">http:\/\/www.allaboutcookies.org\/fr\/<\/a>.<\/p><h3>Comment configurer votre navigateur ?<\/h3><div><ul><li><strong>Firefox :<\/strong><ul><li>1. Ouvrez Firefox<\/li><li>2. Appuyez sur la touche \u00ab Alt \u00bb<\/li><li>3. Dans le menu en haut de la page cliquez sur \u00ab Outils \u00bb puis \u00ab Options \u00bb<\/li><li>4. S\u00e9lectionnez l\u2019onglet \u00ab Vie priv\u00e9e \u00bb<\/li><li>5. Dans le menu d\u00e9roulant \u00e0 droite de \u00ab R\u00e8gles de conservation \u00bb, cliquez sur \u00ab utiliser les param\u00e8tres personnalis\u00e9s pour l\u2019historique \u00bb<\/li><li>6. Un peu plus bas, d\u00e9cochez \u00ab Accepter les cookies \u00bb<\/li><li>7. Sauvegardez vos pr\u00e9f\u00e9rences en cliquant sur \u00ab OK \u00bb<\/li><\/ul><\/li><li><strong>Internet Explorer :<\/strong><ul><li>1. Ouvrez Internet Explorer<\/li><li>2. Dans le menu \u00ab Outils \u00bb, s\u00e9lectionnez \u00ab Options Internet \u00bb<\/li><li>3. Cliquez sur l\u2019onglet \u00ab Confidentialit\u00e9 \u00bb<\/li><li>4. Cliquez sur \u00ab Avanc\u00e9 \u00bb et d\u00e9cochez \u00ab Accepter \u00bb<\/li><li>5. Sauvegardez vos pr\u00e9f\u00e9rences en cliquant sur \u00ab OK \u00bb<\/li><\/ul><\/li><li><strong>Google Chrome :<\/strong><ul><li>1. Ouvrez Google Chrome<\/li><li>2. Cliquez sur l\u2019ic\u00f4ne d\u2019outils dans la barre de menu<\/li><li>3. S\u00e9lectionnez \u00ab Options \u00bb<\/li><li>4. Cliquez sur l\u2019onglet \u00ab Options avanc\u00e9es \u00bb<\/li><li>5. Dans le menu d\u00e9roulant \u00ab Param\u00e8tres des cookies \u00bb, s\u00e9lectionnez \u00ab Bloquer tous les cookies \u00bb<\/li><\/ul><\/li><li><strong>Safari :<\/strong><ul><li>1. Ouvrez Safari<\/li><li>2. Dans la barre de menu en haut, cliquez sur \u00ab Safari \u00bb, puis \u00ab Pr\u00e9f\u00e9rences \u00bb<\/li><li>3. S\u00e9lectionnez l\u2019ic\u00f4ne \u00ab S\u00e9curit\u00e9 \u00bb<\/li><li>4. \u00c0 c\u00f4t\u00e9 de \u00ab Accepter les cookies \u00bb, cochez \u00ab Jamais \u00bb<\/li><li>5. Si vous souhaitez voir les cookies qui sont d\u00e9j\u00e0 sauvegard\u00e9s sur votre ordinateur, cliquez sur \u00ab Afficher les cookies \u00bb.<\/li><\/ul><\/li><\/ul><h3>Pour en savoir plus sur les cookies :<\/h3><p>Pour plus d\u2019information sur les cookies, rendez-vous sur le site de la CNIL, <span class=\"s5\"><a href=\"http:\/\/www.cnil.fr\/vos-droits\/vos-traces\/les-cookies\/\">http:\/\/www.cnil.fr\/vos-droits\/vos-traces\/les-cookies\/<\/a>.<\/span><\/p><\/div><\/div>\t\t\t\t\t<\/div>\n\t\t\t\t\t\t<\/div>\n\t\t\t\t<\/div>\n\t\t\t\t\t\t<\/div>\n\t\t\t\t\t<\/div>\n\t\t<\/div>\n\t\t\t\t\t\t\t\t<\/div>\n\t\t\t\t\t<\/div>\n\t\t<\/section>\n\t\t\t\t\t\t\t\t\t<\/div>\n\t\t\t<\/div>\n\t\t\t\t\t<\/div>\n\t\t","protected":false},"excerpt":{"rendered":"<p>A propos de notre politique relative aux cookies Le Site utilise des cookies. Lors de la consultation du site adn-nature.org, des cookies sont d\u00e9pos\u00e9s sur votre ordinateur, votre tablette ou votre smartphone. Les informations contenues dans notre politique relative aux cookies visent \u00e0 permettre au visiteur de notre site de mieux comprendre comment fonctionnent les &hellip;<\/p>\n<p class=\"read-more\"> <a class=\"\" href=\"https:\/\/adn-nature.org\/index.php\/cookie-policy\/\"> <span class=\"screen-reader-text\">Collecte des cookies<\/span> Lire la suite\u00a0\u00bb<\/a><\/p>\n","protected":false},"author":1,"featured_media":0,"parent":0,"menu_order":0,"comment_status":"closed","ping_status":"closed","template":"","meta":{"site-sidebar-layout":"default","site-content-layout":"default","ast-main-header-display":"","ast-hfb-above-header-display":"","ast-hfb-below-header-display":"","ast-hfb-mobile-header-display":"","site-post-title":"","ast-breadcrumbs-content":"","ast-featured-img":"","footer-sml-layout":"","theme-transparent-header-meta":"default","adv-header-id-meta":"","stick-header-meta":"","header-above-stick-meta":"","header-main-stick-meta":"","header-below-stick-meta":"","footnotes":""},"class_list":["post-406","page","type-page","status-publish","hentry"],"_links":{"self":[{"href":"https:\/\/adn-nature.org\/index.php\/wp-json\/wp\/v2\/pages\/406","targetHints":{"allow":["GET"]}}],"collection":[{"href":"https:\/\/adn-nature.org\/index.php\/wp-json\/wp\/v2\/pages"}],"about":[{"href":"https:\/\/adn-nature.org\/index.php\/wp-json\/wp\/v2\/types\/page"}],"author":[{"embeddable":true,"href":"https:\/\/adn-nature.org\/index.php\/wp-json\/wp\/v2\/users\/1"}],"replies":[{"embeddable":true,"href":"https:\/\/adn-nature.org\/index.php\/wp-json\/wp\/v2\/comments?post=406"}],"version-history":[{"count":7,"href":"https:\/\/adn-nature.org\/index.php\/wp-json\/wp\/v2\/pages\/406\/revisions"}],"predecessor-version":[{"id":432,"href":"https:\/\/adn-nature.org\/index.php\/wp-json\/wp\/v2\/pages\/406\/revisions\/432"}],"wp:attachment":[{"href":"https:\/\/adn-nature.org\/index.php\/wp-json\/wp\/v2\/media?parent=406"}],"curies":[{"name":"wp","href":"https:\/\/api.w.org\/{rel}","templated":true}]}}