{"id":434,"date":"2020-10-09T11:09:37","date_gmt":"2020-10-09T09:09:37","guid":{"rendered":"https:\/\/adn-nature.org\/?page_id=434"},"modified":"2020-10-09T12:23:58","modified_gmt":"2020-10-09T10:23:58","slug":"mentions-legales","status":"publish","type":"page","link":"https:\/\/adn-nature.org\/index.php\/mentions-legales\/","title":{"rendered":"Mentions l\u00e9gales"},"content":{"rendered":"\t\t<div data-elementor-type=\"wp-page\" data-elementor-id=\"434\" class=\"elementor elementor-434\">\n\t\t\t\t\t\t<div class=\"elementor-inner\">\n\t\t\t\t<div class=\"elementor-section-wrap\">\n\t\t\t\t\t\t\t\t\t<section class=\"elementor-section elementor-top-section elementor-element elementor-element-95e24f1 elementor-section-boxed elementor-section-height-default elementor-section-height-default\" data-id=\"95e24f1\" data-element_type=\"section\">\n\t\t\t\t\t\t<div class=\"elementor-container elementor-column-gap-default\">\n\t\t\t\t\t\t\t<div class=\"elementor-row\">\n\t\t\t\t\t<div class=\"elementor-column elementor-col-100 elementor-top-column elementor-element elementor-element-d829a85\" data-id=\"d829a85\" data-element_type=\"column\">\n\t\t\t<div class=\"elementor-column-wrap elementor-element-populated\">\n\t\t\t\t\t\t\t<div class=\"elementor-widget-wrap\">\n\t\t\t\t\t\t<div class=\"elementor-element elementor-element-92efedb elementor-widget elementor-widget-text-editor\" data-id=\"92efedb\" data-element_type=\"widget\" data-widget_type=\"text-editor.default\">\n\t\t\t\t<div class=\"elementor-widget-container\">\n\t\t\t\t\t\t\t\t<div class=\"elementor-text-editor elementor-clearfix\">\n\t\t\t\t<h1>Mentions l\u00e9gales<\/h1><h2>Pr\u00e9sentation du site<\/h2><p>En vertu de l&rsquo;article 6 de la loi n\u00b0 2004-575 du 21 juin 2004 pour la confiance dans l&rsquo;\u00e9conomie num\u00e9rique, il est pr\u00e9cis\u00e9 aux utilisateurs du site\u00a0<a title=\"ADN Nature - adn-nature.org\" href=\"http:\/\/adn-nature.org\/\" target=\"_blank\" rel=\"noopener\" data-saferedirecturl=\"https:\/\/www.google.com\/url?q=http:\/\/adn-nature.org\/&amp;source=gmail&amp;ust=1602319001690000&amp;usg=AFQjCNG1mw9GruzE2iWj2lCeiGoRPvxHFQ\">adn-nature.org<\/a>\u00a0l&rsquo;identit\u00e9 des diff\u00e9rents intervenants dans le cadre de sa r\u00e9alisation et de son suivi :<\/p><p>Le pr\u00e9sent site est \u00e9dit\u00e9 par : ADN Nature<br \/>SIRET : 884 137 555 00014<\/p><p>Num\u00e9ro au r\u00e9pertoire national des associations (<em>RNA<\/em>) : W661006162<\/p><p>Objet de l&rsquo;association : d\u00e9velopper toute action visant \u00e0 associer arts, culture et sciences pour faire conna\u00eetre et prot\u00e9ger la biodiversit\u00e9 sauvage, inscrire la notion de biodiversit\u00e9 dans les domaines \u00e9conomiques et sociaux et plus largement, faire reconna\u00eetre la nature comme un bien universel.<\/p><p>Domicili\u00e9e :<br \/>30 rue des 3 M\u00e2ts, Argel\u00e8s sur Mer.<\/p><p>Responsable de la publication :<br \/>Jean Pierre BEY, pr\u00e9sident de l&rsquo;association ADN Nature.<\/p><p>Les visiteurs peuvent contacter l\u2019\u00e9quipe de la communication directement \u00e0\u00a0l\u2019adresse\u00a0email\u00a0<a href=\"mailto:bonjour@adn-nature.org\" target=\"_blank\" rel=\"noopener\">bonjour@adn-nature.org<\/a>.<\/p><p>Webmaster du site:<br \/>Adeline Antonetti, b\u00e9n\u00e9vole adh\u00e9rente d&rsquo;ADN Nature.<\/p><p>Joignable par email \u00e0 l&rsquo;adresse\u00a0<a href=\"mailto:antonetti.adeline@adn-nature.org\" target=\"_blank\" rel=\"noopener\">antonetti.adeline@adn-nature.org<\/a>.<\/p><p>H\u00e9bergeur du site:<br \/>OVH<br \/>Domicili\u00e9 :<br \/>2 rue Kellermann, 59100 ROUBAIX, France<br \/>Joignable par le biais de la page\u00a0<a href=\"http:\/\/www.ovh.com\/fr\/support\/\" target=\"_blank\" rel=\"noopener\" data-saferedirecturl=\"https:\/\/www.google.com\/url?q=http:\/\/www.ovh.com\/fr\/support\/&amp;source=gmail&amp;ust=1602319001690000&amp;usg=AFQjCNGCfZINxn3Z4GGFwEyrKU44PKn38g\">http:\/\/www.ovh.com\/fr\/support\/<\/a>.<\/p><p>Conform\u00e9ment \u00e0\u00a0la loi Informatique et libert\u00e9s du 6\u00a0janvier 1978, l\u2019utilisateur dispose d\u2019un droit d\u2019acc\u00e8s, de rectification et de suppression des donn\u00e9es le concernant.<\/p><h2>Propri\u00e9t\u00e9 intellectuelle et contrefa\u00e7ons<\/h2><p>L\u2019entreprise ADN Nature est propri\u00e9taire des droits de propri\u00e9t\u00e9 intellectuelle ou d\u00e9tient les droits d\u2019usage sur tous les \u00e9l\u00e9ments accessibles sur le site, notamment : les textes, les images, les graphismes, le logo, les ic\u00f4nes,\u2026<\/p><p>Toute reproduction, repr\u00e9sentation, modification, publication, adaptation de tout ou partie des \u00e9l\u00e9ments du site, quel que soit le moyen ou le proc\u00e9d\u00e9 utilis\u00e9, est interdite, sauf autorisation \u00e9crite pr\u00e9alable de l\u2019entreprise ADN Nature.<\/p><p>Toute exploitation non autoris\u00e9e du site ou d\u2019un quelconque \u00e9l\u00e9ment qu\u2019il contient sera consid\u00e9r\u00e9e comme constitutive d\u2019une contrefa\u00e7on et poursuivie conform\u00e9ment aux dispositions des articles L.335-2 et suivants du Code de Propri\u00e9t\u00e9 Intellectuelle.<\/p><h2>Cookies et traceurs<\/h2>\t\t\t\t\t<\/div>\n\t\t\t\t\t\t<\/div>\n\t\t\t\t<\/div>\n\t\t\t\t<div class=\"elementor-element elementor-element-d93ad95 elementor-align-left elementor-widget elementor-widget-button\" data-id=\"d93ad95\" data-element_type=\"widget\" data-widget_type=\"button.default\">\n\t\t\t\t<div class=\"elementor-widget-container\">\n\t\t\t\t\t<div class=\"elementor-button-wrapper\">\n\t\t\t<a href=\"https:\/\/adn-nature.org\/index.php\/cookie-policy\/\" class=\"elementor-button-link elementor-button elementor-size-xs elementor-animation-shrink\" role=\"button\">\n\t\t\t\t\t\t<span class=\"elementor-button-content-wrapper\">\n\t\t\t\t\t\t<span class=\"elementor-button-text\">En savoir plus sur les cookies \/ Param\u00e9trer les cookies<\/span>\n\t\t<\/span>\n\t\t\t\t\t<\/a>\n\t\t<\/div>\n\t\t\t\t<\/div>\n\t\t\t\t<\/div>\n\t\t\t\t\t\t<\/div>\n\t\t\t\t\t<\/div>\n\t\t<\/div>\n\t\t\t\t\t\t\t\t<\/div>\n\t\t\t\t\t<\/div>\n\t\t<\/section>\n\t\t\t\t<section class=\"elementor-section elementor-top-section elementor-element elementor-element-34eded2 elementor-section-boxed elementor-section-height-default elementor-section-height-default\" data-id=\"34eded2\" data-element_type=\"section\">\n\t\t\t\t\t\t<div class=\"elementor-container elementor-column-gap-default\">\n\t\t\t\t\t\t\t<div class=\"elementor-row\">\n\t\t\t\t\t<div class=\"elementor-column elementor-col-100 elementor-top-column elementor-element elementor-element-a810cdf\" data-id=\"a810cdf\" data-element_type=\"column\">\n\t\t\t<div class=\"elementor-column-wrap elementor-element-populated\">\n\t\t\t\t\t\t\t<div class=\"elementor-widget-wrap\">\n\t\t\t\t\t\t<div class=\"elementor-element elementor-element-5246b79 elementor-widget elementor-widget-text-editor\" data-id=\"5246b79\" data-element_type=\"widget\" data-widget_type=\"text-editor.default\">\n\t\t\t\t<div class=\"elementor-widget-container\">\n\t\t\t\t\t\t\t\t<div class=\"elementor-text-editor elementor-clearfix\">\n\t\t\t\t<h2>Formulaire de contact et commentaires<\/h2>\nVous pouvez \u00eatre amen\u00e9 \u00e0 nous indiquer votre adresse e-mail lorsque vous remplissez notre formulaire de contact ou d\u00e9posez un commentaire sur l\u2019un des articles du site site\u00a0<a title=\"ADN Nature - adn-nature.org\" href=\"http:\/\/adn-nature.org\/\" target=\"_blank\" rel=\"noopener\" data-saferedirecturl=\"https:\/\/www.google.com\/url?q=http:\/\/adn-nature.org\/&amp;source=gmail&amp;ust=1602319001690000&amp;usg=AFQjCNG1mw9GruzE2iWj2lCeiGoRPvxHFQ\">adn-nature.org<\/a>.\n\nEn aucun cas, votre adresse e-mail ne sera c\u00e9d\u00e9e \u00e0 des tiers.\n<h3>Confidentialit\u00e9 des courriers \u00e9lectroniques<\/h3>\n\u00c0 propos de tout courrier \u00e9lectronique adress\u00e9 \u00e0 l&rsquo;association ADN Nature \u00e0\u00a0travers ce site\u00a0:\n<ul>\n \t<li>le secret des correspondances transmises par le r\u00e9seau Internet n\u2019est pas garanti\u00a0;<\/li>\n \t<li>les courriers \u00e9lectroniques sont conserv\u00e9s sur support informatique, au moins le temps n\u00e9cessaire \u00e0\u00a0l\u2019administration pour fournir une r\u00e9ponse ou pour traiter votre demande.<\/li>\n<\/ul>\n<h2>Mod\u00e9ration des commentaires<\/h2>\nLe choix de validation d\u2019un commentaire sur le site\u00a0<a title=\"ADN Nature - adn-nature.org\" href=\"http:\/\/adn-nature.org\/\" target=\"_blank\" rel=\"noopener\" data-saferedirecturl=\"https:\/\/www.google.com\/url?q=http:\/\/adn-nature.org\/&amp;source=gmail&amp;ust=1602319001690000&amp;usg=AFQjCNG1mw9GruzE2iWj2lCeiGoRPvxHFQ\">adn-nature.org<\/a>\u00a0est laiss\u00e9 \u00e0 l\u2019enti\u00e8re appr\u00e9ciation du responsable de publication. Les commentaires peuvent \u00eatre supprim\u00e9s, modifi\u00e9s et corrig\u00e9s pour une meilleure compr\u00e9hension des visiteurs (notamment pour l\u2019orthographe).\n\nL\u2019internaute peut signer son commentaire de son nom ou pseudo ou nom de son entreprise. Il peut \u00e9galement renseign\u00e9 une URL dans le champ \u00ab\u00a0site web\u00a0\u00bb. Ce lien peut ne pas apparaitre si il a \u00e9t\u00e9 jug\u00e9 que le commentaire n\u2019apportait pas r\u00e9ellement de plus value \u00e0 l\u2019article. Ceci, m\u00eame si le commentaire est publi\u00e9.\n\nVoici des exemples de cas ou un commentaire peut-\u00eatre mod\u00e9r\u00e9 ou supprim\u00e9 :\n<ul>\n \t<li>Il a \u00e9t\u00e9 supprim\u00e9 par l\u2019anti-spam<\/li>\n \t<li>Il n\u2019apporte pas r\u00e9ellement de plus value et n\u2019est pas utile pour les internautes<\/li>\n \t<li>Il contient un tr\u00e8s grand nombre de fautes d\u2019orthographe ou est incompr\u00e9hensible<\/li>\n \t<li>Il semble avoir \u00e9t\u00e9 d\u00e9pos\u00e9 uniquement dans un but auto-promotionnel<\/li>\n \t<li>Le mail indiqu\u00e9 est visiblement erronn\u00e9<\/li>\n \t<li>Il est jug\u00e9 diffamatoire pour un tiers<\/li>\n<\/ul>\n<h2>Newsletter<\/h2>\nVous pouvez vous abonner \u00e0 la newsletter du site. Vous recevez alors automatiquement et gratuitement des newsletters.\n\nPour vous inscrire \u00e0 la newsletter de l&rsquo;association ADN-Nature, vous renseignez votre email. Cette information est conserv\u00e9e en toute s\u00e9curit\u00e9 via un outil d\u2019envoi de newsletters, en conformit\u00e9 avec la RGPD. L\u2019unique but de cette conservation de donn\u00e9es \u00e9tant l\u2019envoi de newsletters en lien direct avec l&rsquo;association. Seule l\u2019\u00e9quipe du bureau de communication d&rsquo;ADN Nature peut acc\u00e9der \u00e0 ces donn\u00e9es.\n\nEn aucun cas, votre adresse e-mail ne sera c\u00e9d\u00e9e \u00e0 des tiers.\n\nVous pouvez vous d\u00e9sinscrire \u00e0 tout moment de la newsletter\u00a0en cliquant sur le lien de d\u00e9sabonnement pr\u00e9sent en bas de chaque newsletter.\n<h2>Adh\u00e9sion<\/h2>\nLorsque vous souhaitez adh\u00e9rer \u00e0 l&rsquo;association ADN Nature depuis notre site web, vous \u00eates redirig\u00e9 vers le site <a href=\"https:\/\/www.helloasso.com\/\">helloasso.com<\/a> de notre partenaire.\nPour de plus amples informations au sujet du traitement des donn\u00e9es fournies lors de la souscription de l&rsquo;adh\u00e9sion, merci de\u00a0consulter la charte du partenaire pr\u00e9c\u00e9demment cit\u00e9.\n<h2>Liens hypertextes<\/h2>\nCe site internet contient un certain nombre de liens hypertextes vers d\u2019autres sites. Cependant,\u00a0<a title=\"ADN Nature - adn-nature.org\" href=\"http:\/\/adn-nature.org\/\" target=\"_blank\" rel=\"noopener\" data-saferedirecturl=\"https:\/\/www.google.com\/url?q=http:\/\/adn-nature.org\/&amp;source=gmail&amp;ust=1602319001690000&amp;usg=AFQjCNG1mw9GruzE2iWj2lCeiGoRPvxHFQ\">adn-nature.org<\/a>\u00a0n\u2019a pas la possibilit\u00e9 de suivre et v\u00e9rifier le contenu de ces sites, et n\u2019assumera en cons\u00e9quence aucune responsabilit\u00e9 de ce fait.\n<h2>Flux RSS<\/h2>\nLes flux RSS sont exclusivement destin\u00e9s aux visiteurs du site pour une utilisation personnelle et ne sauraient en aucun cas servir \u00e0 alimenter d\u2019autres sites, sauf autorisation \u00e9crite pr\u00e9alable de\u00a0<a title=\"ADN Nature - adn-nature.org\" href=\"http:\/\/adn-nature.org\/\" target=\"_blank\" rel=\"noopener\" data-saferedirecturl=\"https:\/\/www.google.com\/url?q=http:\/\/adn-nature.org\/&amp;source=gmail&amp;ust=1602319001690000&amp;usg=AFQjCNG1mw9GruzE2iWj2lCeiGoRPvxHFQ\">adn-nature.org<\/a>.\t\t\t\t\t<\/div>\n\t\t\t\t\t\t<\/div>\n\t\t\t\t<\/div>\n\t\t\t\t\t\t<\/div>\n\t\t\t\t\t<\/div>\n\t\t<\/div>\n\t\t\t\t\t\t\t\t<\/div>\n\t\t\t\t\t<\/div>\n\t\t<\/section>\n\t\t\t\t\t\t\t\t\t<\/div>\n\t\t\t<\/div>\n\t\t\t\t\t<\/div>\n\t\t","protected":false},"excerpt":{"rendered":"<p>Mentions l\u00e9gales Pr\u00e9sentation du site En vertu de l&rsquo;article 6 de la loi n\u00b0 2004-575 du 21 juin 2004 pour la confiance dans l&rsquo;\u00e9conomie num\u00e9rique, il est pr\u00e9cis\u00e9 aux utilisateurs du site\u00a0adn-nature.org\u00a0l&rsquo;identit\u00e9 des diff\u00e9rents intervenants dans le cadre de sa r\u00e9alisation et de son suivi : Le pr\u00e9sent site est \u00e9dit\u00e9 par : ADN NatureSIRET &hellip;<\/p>\n<p class=\"read-more\"> <a class=\"\" href=\"https:\/\/adn-nature.org\/index.php\/mentions-legales\/\"> <span class=\"screen-reader-text\">Mentions l\u00e9gales<\/span> Lire la suite\u00a0\u00bb<\/a><\/p>\n","protected":false},"author":1,"featured_media":0,"parent":0,"menu_order":0,"comment_status":"closed","ping_status":"closed","template":"","meta":{"site-sidebar-layout":"no-sidebar","site-content-layout":"page-builder","ast-main-header-display":"","ast-hfb-above-header-display":"","ast-hfb-below-header-display":"","ast-hfb-mobile-header-display":"","site-post-title":"disabled","ast-breadcrumbs-content":"","ast-featured-img":"disabled","footer-sml-layout":"","theme-transparent-header-meta":"default","adv-header-id-meta":"","stick-header-meta":"","header-above-stick-meta":"","header-main-stick-meta":"","header-below-stick-meta":"","footnotes":""},"class_list":["post-434","page","type-page","status-publish","hentry"],"_links":{"self":[{"href":"https:\/\/adn-nature.org\/index.php\/wp-json\/wp\/v2\/pages\/434","targetHints":{"allow":["GET"]}}],"collection":[{"href":"https:\/\/adn-nature.org\/index.php\/wp-json\/wp\/v2\/pages"}],"about":[{"href":"https:\/\/adn-nature.org\/index.php\/wp-json\/wp\/v2\/types\/page"}],"author":[{"embeddable":true,"href":"https:\/\/adn-nature.org\/index.php\/wp-json\/wp\/v2\/users\/1"}],"replies":[{"embeddable":true,"href":"https:\/\/adn-nature.org\/index.php\/wp-json\/wp\/v2\/comments?post=434"}],"version-history":[{"count":11,"href":"https:\/\/adn-nature.org\/index.php\/wp-json\/wp\/v2\/pages\/434\/revisions"}],"predecessor-version":[{"id":450,"href":"https:\/\/adn-nature.org\/index.php\/wp-json\/wp\/v2\/pages\/434\/revisions\/450"}],"wp:attachment":[{"href":"https:\/\/adn-nature.org\/index.php\/wp-json\/wp\/v2\/media?parent=434"}],"curies":[{"name":"wp","href":"https:\/\/api.w.org\/{rel}","templated":true}]}}